{"id":4430,"date":"2026-04-14T14:33:45","date_gmt":"2026-04-14T12:33:45","guid":{"rendered":"https:\/\/casdanna.com\/fr\/?page_id=4430"},"modified":"2026-04-14T14:33:45","modified_gmt":"2026-04-14T12:33:45","slug":"politique-de-cookies","status":"publish","type":"page","link":"https:\/\/casdanna.com\/fr\/politique-de-cookies\/","title":{"rendered":"Politique de Cookies"},"content":{"rendered":"\n<h1 class=\"wp-block-heading\">Politique de Cookies<\/h1>\n\n\n\n<p>Sur <strong>casdanna.com<\/strong>, nous utilisons des cookies propres et de tiers \u00e0 des fins techniques et d\u2019analyse.<\/p>\n\n\n\n<h2 class=\"wp-block-heading\">1. Qu\u2019est-ce qu\u2019un cookie ?<\/h2>\n\n\n\n<p>Les cookies sont de petits fichiers texte stock\u00e9s sur votre appareil lorsque vous visitez un site web. Ils servent \u00e0 permettre le bon fonctionnement du site, \u00e0 m\u00e9moriser certaines pr\u00e9f\u00e9rences et \u00e0 obtenir des informations statistiques sur la navigation.<\/p>\n\n\n\n<h2 class=\"wp-block-heading\">2. Quels types de cookies utilisons-nous ?<\/h2>\n\n\n\n<h3 class=\"wp-block-heading\">Cookies techniques ou n\u00e9cessaires<\/h3>\n\n\n\n<p>Il s\u2019agit des cookies indispensables au bon fonctionnement du site web et permettant la navigation ainsi que l\u2019utilisation de ses fonctions de base.<\/p>\n\n\n\n<h3 class=\"wp-block-heading\">Cookies d\u2019analyse ou de mesure<\/h3>\n\n\n\n<p>Il s\u2019agit des cookies qui nous permettent d\u2019analyser l\u2019utilisation du site web par les utilisateurs, afin d\u2019en am\u00e9liorer les contenus et le fonctionnement.<\/p>\n\n\n\n<h2 class=\"wp-block-heading\">3. Cookies utilis\u00e9s sur ce site web<\/h2>\n\n\n\n<p>Ce site web utilise <strong>Google Analytics 4<\/strong>, un service d\u2019analyse web fourni par Google, qui utilise des cookies afin d\u2019obtenir des informations statistiques sur l\u2019utilisation du site. Parmi les cookies que ce service peut utiliser figurent notamment :<\/p>\n\n\n\n<ul class=\"wp-block-list\">\n<li><strong>_ga<\/strong> : utilis\u00e9 pour distinguer les utilisateurs.<\/li>\n\n\n\n<li><strong><em>ga<\/em>&lt;container-id><\/strong> : utilis\u00e9 pour conserver l\u2019\u00e9tat de la session.<\/li>\n<\/ul>\n\n\n\n<p>La dur\u00e9e de ces cookies peut varier selon la configuration du service et les limitations appliqu\u00e9es par le navigateur de l\u2019utilisateur.<\/p>\n\n\n\n<h2 class=\"wp-block-heading\">4. Qui utilise les informations obtenues via les cookies ?<\/h2>\n\n\n\n<p>Les informations obtenues via les cookies peuvent \u00eatre trait\u00e9es par :<\/p>\n\n\n\n<ul class=\"wp-block-list\">\n<li><strong>Titulaire du site web :<\/strong> casdanna.com<\/li>\n\n\n\n<li><strong>Prestataire du service d\u2019analyse :<\/strong> Google<\/li>\n<\/ul>\n\n\n\n<p>Vous pouvez consulter davantage d\u2019informations sur la mani\u00e8re dont Google utilise les donn\u00e9es dans ses propres services et outils dans la documentation et les politiques de Google.<\/p>\n\n\n\n<h2 class=\"wp-block-heading\">5. Base juridique<\/h2>\n\n\n\n<p>La base juridique pour l\u2019utilisation des cookies techniques est la n\u00e9cessit\u00e9 de fournir le service demand\u00e9 via le site web.<\/p>\n\n\n\n<p>La base juridique pour l\u2019utilisation des cookies d\u2019analyse est le consentement de l\u2019utilisateur.<\/p>\n\n\n\n<h2 class=\"wp-block-heading\">6. Gestion des cookies<\/h2>\n\n\n\n<p>Lors de son premier acc\u00e8s \u00e0 ce site web, l\u2019utilisateur peut accepter, refuser ou configurer l\u2019utilisation des cookies non n\u00e9cessaires via le panneau ou la banni\u00e8re de cookies.<\/p>\n\n\n\n<p>L\u2019utilisateur pourra modifier ou retirer son consentement \u00e0 tout moment depuis le syst\u00e8me de configuration des cookies disponible sur le site web.<\/p>\n\n\n\n<p>Il peut \u00e9galement bloquer ou supprimer les cookies depuis les param\u00e8tres de son navigateur. La d\u00e9sactivation de certains cookies peut affecter le bon fonctionnement du site.<\/p>\n\n\n\n<h2 class=\"wp-block-heading\">7. Transferts internationaux de donn\u00e9es<\/h2>\n\n\n\n<p>L\u2019utilisation de Google Analytics peut impliquer un traitement des donn\u00e9es par Google conform\u00e9ment \u00e0 ses propres conditions et \u00e0 la configuration technique du service.<\/p>\n\n\n\n<h2 class=\"wp-block-heading\">8. Mise \u00e0 jour de cette politique<\/h2>\n\n\n\n<p>La pr\u00e9sente Politique de Cookies peut \u00eatre mise \u00e0 jour \u00e0 tout moment afin de s\u2019adapter \u00e0 des changements r\u00e9glementaires, techniques ou \u00e0 la configuration du site web.<\/p>\n\n\n\n<h2 class=\"wp-block-heading\">9. Contact<\/h2>\n\n\n\n<p>Si vous avez des questions concernant cette Politique de Cookies, vous pouvez contacter :<\/p>\n\n\n\n<p><strong>Erich Pahl<\/strong><br><strong>E-mail :<\/strong> <a>info@casdanna.com<\/a><br><strong>Site web :<\/strong> <a href=\"https:\/\/casdanna.com\/\">https:\/\/casdanna.com\/<\/a><\/p>\n","protected":false},"excerpt":{"rendered":"<p>Politique de Cookies Sur casdanna.com, nous utilisons des cookies propres et de tiers \u00e0 des fins techniques et d\u2019analyse. 1. Qu\u2019est-ce qu\u2019un cookie ? Les cookies sont de petits fichiers texte stock\u00e9s sur votre appareil lorsque vous visitez un site web. Ils servent \u00e0 permettre le bon fonctionnement du site, \u00e0 m\u00e9moriser certaines pr\u00e9f\u00e9rences et&#8230;<\/p>\n","protected":false},"author":1,"featured_media":0,"parent":0,"menu_order":0,"comment_status":"closed","ping_status":"closed","template":"","meta":{"_uag_custom_page_level_css":"","_kad_post_transparent":"","_kad_post_title":"","_kad_post_layout":"","_kad_post_sidebar_id":"","_kad_post_content_style":"","_kad_post_vertical_padding":"","_kad_post_feature":"","_kad_post_feature_position":"","_kad_post_header":false,"_kad_post_footer":false,"_kad_post_classname":"","footnotes":""},"class_list":["post-4430","page","type-page","status-publish","hentry"],"uagb_featured_image_src":{"full":false,"thumbnail":false,"medium":false,"medium_large":false,"large":false,"1536x1536":false,"2048x2048":false},"uagb_author_info":{"display_name":"infocasdanna@gmail.com","author_link":"https:\/\/casdanna.com\/fr\/blog\/author\/infocasdannagmail-com\/"},"uagb_comment_info":0,"uagb_excerpt":"Politique de Cookies Sur casdanna.com, nous utilisons des cookies propres et de tiers \u00e0 des fins techniques et d\u2019analyse. 1. Qu\u2019est-ce qu\u2019un cookie ? Les cookies sont de petits fichiers texte stock\u00e9s sur votre appareil lorsque vous visitez un site web. Ils servent \u00e0 permettre le bon fonctionnement du site, \u00e0 m\u00e9moriser certaines pr\u00e9f\u00e9rences et...","_links":{"self":[{"href":"https:\/\/casdanna.com\/fr\/wp-json\/wp\/v2\/pages\/4430","targetHints":{"allow":["GET"]}}],"collection":[{"href":"https:\/\/casdanna.com\/fr\/wp-json\/wp\/v2\/pages"}],"about":[{"href":"https:\/\/casdanna.com\/fr\/wp-json\/wp\/v2\/types\/page"}],"author":[{"embeddable":true,"href":"https:\/\/casdanna.com\/fr\/wp-json\/wp\/v2\/users\/1"}],"replies":[{"embeddable":true,"href":"https:\/\/casdanna.com\/fr\/wp-json\/wp\/v2\/comments?post=4430"}],"version-history":[{"count":1,"href":"https:\/\/casdanna.com\/fr\/wp-json\/wp\/v2\/pages\/4430\/revisions"}],"predecessor-version":[{"id":4431,"href":"https:\/\/casdanna.com\/fr\/wp-json\/wp\/v2\/pages\/4430\/revisions\/4431"}],"wp:attachment":[{"href":"https:\/\/casdanna.com\/fr\/wp-json\/wp\/v2\/media?parent=4430"}],"curies":[{"name":"wp","href":"https:\/\/api.w.org\/{rel}","templated":true}]}}