{"id":4272,"date":"2026-04-14T14:38:49","date_gmt":"2026-04-14T12:38:49","guid":{"rendered":"https:\/\/casdanna.com\/de\/?page_id=4272"},"modified":"2026-04-14T14:38:50","modified_gmt":"2026-04-14T12:38:50","slug":"cookie-richtlinie","status":"publish","type":"page","link":"https:\/\/casdanna.com\/de\/cookie-richtlinie\/","title":{"rendered":"Cookie-Richtlinie"},"content":{"rendered":"\n<h1 class=\"wp-block-heading\">Cookie-Richtlinie<\/h1>\n\n\n\n<p>Auf <strong>casdanna.com<\/strong> verwenden wir eigene Cookies und Cookies von Drittanbietern zu technischen und analytischen Zwecken.<\/p>\n\n\n\n<h2 class=\"wp-block-heading\">1. Was sind Cookies?<\/h2>\n\n\n\n<p>Cookies sind kleine Textdateien, die auf Ihrem Ger\u00e4t gespeichert werden, wenn Sie eine Website besuchen. Sie dienen dazu, das Funktionieren der Website zu erm\u00f6glichen, bestimmte Pr\u00e4ferenzen zu speichern und statistische Informationen \u00fcber das Surfverhalten zu erhalten.<\/p>\n\n\n\n<h2 class=\"wp-block-heading\">2. Welche Arten von Cookies verwenden wir?<\/h2>\n\n\n\n<h3 class=\"wp-block-heading\">Technische oder notwendige Cookies<\/h3>\n\n\n\n<p>Dies sind Cookies, die f\u00fcr das ordnungsgem\u00e4\u00dfe Funktionieren der Website unerl\u00e4sslich sind und die Navigation sowie die Nutzung ihrer grundlegenden Funktionen erm\u00f6glichen.<\/p>\n\n\n\n<h3 class=\"wp-block-heading\">Analyse- oder Mess-Cookies<\/h3>\n\n\n\n<p>Dies sind Cookies, die es uns erm\u00f6glichen, die Nutzung der Website durch die Benutzer zu analysieren, um ihre Inhalte und ihre Funktionsweise zu verbessern.<\/p>\n\n\n\n<h2 class=\"wp-block-heading\">3. Auf dieser Website verwendete Cookies<\/h2>\n\n\n\n<p>Diese Website verwendet <strong>Google Analytics 4<\/strong>, einen von Google bereitgestellten Webanalysedienst, der Cookies verwendet, um statistische Informationen \u00fcber die Nutzung der Website zu erhalten. Zu den Cookies, die dieser Dienst verwenden kann, geh\u00f6ren unter anderem:<\/p>\n\n\n\n<ul class=\"wp-block-list\">\n<li><strong>_ga<\/strong>: wird verwendet, um Benutzer zu unterscheiden.<\/li>\n\n\n\n<li><strong><em>ga<\/em>&lt;container-id><\/strong>: wird verwendet, um den Sitzungsstatus beizubehalten.<\/li>\n<\/ul>\n\n\n\n<p>Die Dauer dieser Cookies kann je nach Konfiguration des Dienstes und den vom Browser des Benutzers angewendeten Einschr\u00e4nkungen variieren.<\/p>\n\n\n\n<h2 class=\"wp-block-heading\">4. Wer verwendet die durch Cookies erhaltenen Informationen?<\/h2>\n\n\n\n<p>Die durch Cookies erhaltenen Informationen k\u00f6nnen verarbeitet werden von:<\/p>\n\n\n\n<ul class=\"wp-block-list\">\n<li><strong>Inhaber der Website:<\/strong> casdanna.com<\/li>\n\n\n\n<li><strong>Anbieter des Analysedienstes:<\/strong> Google<\/li>\n<\/ul>\n\n\n\n<p>Weitere Informationen dar\u00fcber, wie Google Daten in seinen eigenen Diensten und Tools verwendet, finden Sie in der Dokumentation und in den Richtlinien von Google.<\/p>\n\n\n\n<h2 class=\"wp-block-heading\">5. Rechtsgrundlage<\/h2>\n\n\n\n<p>Die Rechtsgrundlage f\u00fcr die Verwendung technischer Cookies ist die Notwendigkeit, den \u00fcber die Website angeforderten Dienst bereitzustellen.<\/p>\n\n\n\n<p>Die Rechtsgrundlage f\u00fcr die Verwendung von Analyse-Cookies ist die Einwilligung des Benutzers.<\/p>\n\n\n\n<h2 class=\"wp-block-heading\">6. Verwaltung von Cookies<\/h2>\n\n\n\n<p>Beim ersten Zugriff auf diese Website kann der Benutzer die Verwendung nicht notwendiger Cookies \u00fcber das Cookie-Banner oder das Konfigurationsfeld akzeptieren, ablehnen oder konfigurieren.<\/p>\n\n\n\n<p>Der Benutzer kann seine Einwilligung jederzeit \u00fcber das auf der Website verf\u00fcgbare Cookie-Konfigurationssystem \u00e4ndern oder widerrufen.<\/p>\n\n\n\n<p>Au\u00dferdem kann er Cookies \u00fcber die Einstellungen seines Browsers blockieren oder l\u00f6schen. Die Deaktivierung bestimmter Cookies kann die ordnungsgem\u00e4\u00dfe Funktion der Website beeintr\u00e4chtigen.<\/p>\n\n\n\n<h2 class=\"wp-block-heading\">7. Internationale Daten\u00fcbermittlungen<\/h2>\n\n\n\n<p>Die Nutzung von Google Analytics kann eine Datenverarbeitung durch Google gem\u00e4\u00df dessen eigenen Bedingungen und der technischen Konfiguration des Dienstes beinhalten.<\/p>\n\n\n\n<h2 class=\"wp-block-heading\">8. Aktualisierung dieser Richtlinie<\/h2>\n\n\n\n<p>Diese Cookie-Richtlinie kann jederzeit aktualisiert werden, um sie an rechtliche, technische oder konfigurationsbezogene \u00c4nderungen der Website anzupassen.<\/p>\n\n\n\n<h2 class=\"wp-block-heading\">9. Kontakt<\/h2>\n\n\n\n<p>Wenn Sie Fragen zu dieser Cookie-Richtlinie haben, k\u00f6nnen Sie sich wenden an:<\/p>\n\n\n\n<p><strong>Erich Pahl<\/strong><br><strong>E-Mail:<\/strong> <a>info@casdanna.com<\/a><br><strong>Website:<\/strong> <a href=\"https:\/\/casdanna.com\/\">https:\/\/casdanna.com\/<\/a><\/p>\n","protected":false},"excerpt":{"rendered":"<p>Cookie-Richtlinie Auf casdanna.com verwenden wir eigene Cookies und Cookies von Drittanbietern zu technischen und analytischen Zwecken. 1. Was sind Cookies? Cookies sind kleine Textdateien, die auf Ihrem Ger\u00e4t gespeichert werden, wenn Sie eine Website besuchen. Sie dienen dazu, das Funktionieren der Website zu erm\u00f6glichen, bestimmte Pr\u00e4ferenzen zu speichern und statistische Informationen \u00fcber das Surfverhalten zu&#8230;<\/p>\n","protected":false},"author":1,"featured_media":0,"parent":0,"menu_order":0,"comment_status":"closed","ping_status":"closed","template":"","meta":{"_uag_custom_page_level_css":"","_kad_post_transparent":"","_kad_post_title":"","_kad_post_layout":"","_kad_post_sidebar_id":"","_kad_post_content_style":"","_kad_post_vertical_padding":"","_kad_post_feature":"","_kad_post_feature_position":"","_kad_post_header":false,"_kad_post_footer":false,"_kad_post_classname":"","footnotes":""},"class_list":["post-4272","page","type-page","status-publish","hentry"],"uagb_featured_image_src":{"full":false,"thumbnail":false,"medium":false,"medium_large":false,"large":false,"1536x1536":false,"2048x2048":false},"uagb_author_info":{"display_name":"infocasdanna@gmail.com","author_link":"https:\/\/casdanna.com\/de\/blog\/author\/infocasdannagmail-com\/"},"uagb_comment_info":0,"uagb_excerpt":"Cookie-Richtlinie Auf casdanna.com verwenden wir eigene Cookies und Cookies von Drittanbietern zu technischen und analytischen Zwecken. 1. Was sind Cookies? Cookies sind kleine Textdateien, die auf Ihrem Ger\u00e4t gespeichert werden, wenn Sie eine Website besuchen. Sie dienen dazu, das Funktionieren der Website zu erm\u00f6glichen, bestimmte Pr\u00e4ferenzen zu speichern und statistische Informationen \u00fcber das Surfverhalten zu...","_links":{"self":[{"href":"https:\/\/casdanna.com\/de\/wp-json\/wp\/v2\/pages\/4272","targetHints":{"allow":["GET"]}}],"collection":[{"href":"https:\/\/casdanna.com\/de\/wp-json\/wp\/v2\/pages"}],"about":[{"href":"https:\/\/casdanna.com\/de\/wp-json\/wp\/v2\/types\/page"}],"author":[{"embeddable":true,"href":"https:\/\/casdanna.com\/de\/wp-json\/wp\/v2\/users\/1"}],"replies":[{"embeddable":true,"href":"https:\/\/casdanna.com\/de\/wp-json\/wp\/v2\/comments?post=4272"}],"version-history":[{"count":1,"href":"https:\/\/casdanna.com\/de\/wp-json\/wp\/v2\/pages\/4272\/revisions"}],"predecessor-version":[{"id":4273,"href":"https:\/\/casdanna.com\/de\/wp-json\/wp\/v2\/pages\/4272\/revisions\/4273"}],"wp:attachment":[{"href":"https:\/\/casdanna.com\/de\/wp-json\/wp\/v2\/media?parent=4272"}],"curies":[{"name":"wp","href":"https:\/\/api.w.org\/{rel}","templated":true}]}}