{"id":3835,"date":"2025-05-11T18:14:01","date_gmt":"2025-05-11T16:14:01","guid":{"rendered":"https:\/\/casdanna.com\/de\/?page_id=3835"},"modified":"2026-04-12T19:23:15","modified_gmt":"2026-04-12T17:23:15","slug":"allgemeine-mietbedingungen","status":"publish","type":"page","link":"https:\/\/casdanna.com\/de\/allgemeine-mietbedingungen\/","title":{"rendered":"ALLGEMEINE MIETBEDINGUNGEN"},"content":{"rendered":"<style>.wp-block-kadence-advancedheading.kt-adv-heading3835_36060a-ac, .wp-block-kadence-advancedheading.kt-adv-heading3835_36060a-ac[data-kb-block=\"kb-adv-heading3835_36060a-ac\"]{padding-top:var(--global-kb-spacing-md, 2rem);font-style:normal;}.wp-block-kadence-advancedheading.kt-adv-heading3835_36060a-ac mark.kt-highlight, .wp-block-kadence-advancedheading.kt-adv-heading3835_36060a-ac[data-kb-block=\"kb-adv-heading3835_36060a-ac\"] mark.kt-highlight{font-style:normal;color:#f76a0c;-webkit-box-decoration-break:clone;box-decoration-break:clone;padding-top:0px;padding-right:0px;padding-bottom:0px;padding-left:0px;}.wp-block-kadence-advancedheading.kt-adv-heading3835_36060a-ac img.kb-inline-image, .wp-block-kadence-advancedheading.kt-adv-heading3835_36060a-ac[data-kb-block=\"kb-adv-heading3835_36060a-ac\"] img.kb-inline-image{width:150px;vertical-align:baseline;}<\/style>\n<h1 class=\"kt-adv-heading3835_36060a-ac wp-block-kadence-advancedheading\" data-kb-block=\"kb-adv-heading3835_36060a-ac\">ALLGEMEINE MIETBEDINGUNGEN<\/h1>\n\n\n\n<p><strong>1. GELTUNGSBEREICH<\/strong><br>Diese Bedingungen regeln ausschlie\u00dflich die Nutzung, Belegung und den Aufenthalt in den Casdanna Roses Apartments und gelten f\u00fcr alle G\u00e4ste, unabh\u00e4ngig davon, \u00fcber welchen Kanal sie ihre Buchung vorgenommen haben.<\/p>\n\n\n\n<p><strong>2. BETTW\u00c4SCHE UND HANDT\u00dcCHER<\/strong><br>Je nach Buchungsbedingungen k\u00f6nnen Bettw\u00e4sche und Badet\u00fccher im Preis enthalten sein oder einen Aufpreis pro Person verursachen.<\/p>\n\n\n\n<p><strong>Wird die Ferienwohnung f\u00fcr zwei Personen gebucht und m\u00f6chten diese in getrennten Zimmern schlafen, kann ein zus\u00e4tzlicher Aufpreis f\u00fcr die Bettw\u00e4sche anfallen.<\/strong><\/p>\n\n\n\n<p><strong>3. BELEGUNG DER UNTERKUNFT<\/strong><br>Die Belegung der Unterkunft darf in keinem Fall die zul\u00e4ssige H\u00f6chstkapazit\u00e4t der Ferienwohnung oder die in der Buchung angegebene Personenzahl \u00fcberschreiten.<\/p>\n\n\n\n<p>Wird die Unterkunft ohne vorherige Mitteilung und Zustimmung mit mehr Personen belegt, kann die Unterkunft den Aufenthalt beenden und die sofortige R\u00e4umung verlangen, ohne Anspruch auf R\u00fcckerstattung.<\/p>\n\n\n\n<p><strong>Tiere sind nicht erlaubt.<\/strong><\/p>\n\n\n\n<p><strong>4. ZUSTAND DER UNTERKUNFT UND IHRES INVENTARS<\/strong><br>Der Gast ist verpflichtet, die Unterkunft sowie das Mobiliar, die Installationen und die darin befindlichen Gegenst\u00e4nde sorgf\u00e4ltig zu behandeln.<\/p>\n\n\n\n<p>Jeder Schaden, Defekt oder Verlust w\u00e4hrend des Aufenthalts ist unverz\u00fcglich mitzuteilen.<\/p>\n\n\n\n<p>Sch\u00e4den, die vom Gast oder den ihn begleitenden Personen verursacht werden und ihnen zuzurechnen sind, sind von der buchenden Person zu ersetzen.<\/p>\n\n\n\n<p><strong>5. BESCHWERDEN<\/strong><br>Beanstandungen bez\u00fcglich Reinigung oder Inventar m\u00fcssen innerhalb von 24 Stunden nach der Ankunft in der Unterkunft gemeldet werden.<\/p>\n\n\n\n<p>Nach Ablauf dieser Frist werden diesbez\u00fcgliche Reklamationen nicht mehr akzeptiert, unbeschadet dessen, dass die Unterkunft technische Zwischenf\u00e4lle oder St\u00f6rungen w\u00e4hrend des Aufenthalts bearbeitet.<\/p>\n\n\n\n<p><strong>6. AN- UND ABREISETAG<\/strong><br><strong>Der Check-in erfolgt ab 16:00 Uhr<\/strong>, sofern nicht ausdr\u00fccklich eine andere M\u00f6glichkeit je nach Verf\u00fcgbarkeit des Service mitgeteilt wird.<\/p>\n\n\n\n<p><strong>Der Check-out muss am Abreisetag vor 10:00 Uhr erfolgen.<\/strong><\/p>\n\n\n\n<p><strong>7. SAUBERKEIT DER UNTERKUNFT<\/strong><br>Am Abreisetag m\u00fcssen K\u00fcche, Geschirr und gegebenenfalls der Grill sauber und in normal wiederverwendbarem Zustand hinterlassen werden.<\/p>\n\n\n\n<p><strong>8. NUTZUNGSBEDINGUNGEN<\/strong><br>Der Gast erkl\u00e4rt, die Unterkunft ausschlie\u00dflich zu Ferienzwecken w\u00e4hrend der gebuchten Daten zu nutzen, und verpflichtet sich, sie keinesfalls als Hauptwohnsitz zu verwenden.<\/p>\n\n\n\n<p><strong>9. MELDEPFLICHT DER G\u00c4STE<\/strong><br>Alle G\u00e4ste, unabh\u00e4ngig davon, \u00fcber welchen Kanal sie gebucht haben, m\u00fcssen vor oder bei der Ankunft die Informationen und Unterlagen bereitstellen, die erforderlich sind, um die gesetzlichen Pflichten zur Erfassung von G\u00e4sten und zur \u00dcbermittlung der Daten an die zust\u00e4ndigen Beh\u00f6rden zu erf\u00fcllen.<\/p>\n\n\n\n<p>Die Verweigerung dieser Angaben oder der erforderlichen Ausweisdokumente kann den Zugang zur Unterkunft oder die Fortsetzung des Aufenthalts verhindern, da es sich um eine gesetzliche Verpflichtung im Rahmen der touristischen Beherbergung handelt.<\/p>\n\n\n\n<p><strong>10. PERS\u00d6NLICHE GEGENST\u00c4NDE DER G\u00c4STE UND UMFANG DER HAFTUNG<\/strong><br>Die Unterkunft \u00fcbernimmt keine Verwahrung, Hinterlegung oder individuelle Beaufsichtigung von Geld, Schmuck, Dokumenten, Fahrr\u00e4dern, Fahrzeugen oder sonstigen pers\u00f6nlichen Gegenst\u00e4nden der G\u00e4ste, weder innerhalb der Unterkunft noch in der Garage, im Abstellraum oder in sonstigen Bereichen des Geb\u00e4udes.<\/p>\n\n\n\n<p>Folglich ist jeder Gast, au\u00dfer in den F\u00e4llen, in denen das Gesetz ausdr\u00fccklich eine Haftung der Unterkunft vorsieht, selbst f\u00fcr die Aufbewahrung und den Schutz seiner Gegenst\u00e4nde w\u00e4hrend des Aufenthalts verantwortlich.<\/p>\n\n\n\n<p>Es wird empfohlen, angemessene Sicherheitsma\u00dfnahmen zu treffen und gegebenenfalls \u00fcber einen eigenen Versicherungsschutz f\u00fcr Sch\u00e4den, Verlust, Diebstahl, Raub oder Entwendung pers\u00f6nlicher Gegenst\u00e4nde zu verf\u00fcgen.<\/p>\n\n\n\n<p><strong>11. AKZEPTANZ UND G\u00dcLTIGKEIT<\/strong><br>Mit dem Bezug der Ferienwohnung werden diese Miet-, Aufenthalts- und Belegungsbedingungen akzeptiert. <strong>Sie haben dieselbe G\u00fcltigkeit und Wirkung wie eine Vereinbarung \u00fcber eine kurzfristige Ferienvermietung gem\u00e4\u00df dem anwendbaren spanischen Recht.<\/strong><\/p>\n\n\n<style>.kb-row-layout-id3835_36000d-6f > .kt-row-column-wrap{align-content:start;}:where(.kb-row-layout-id3835_36000d-6f > .kt-row-column-wrap) > .wp-block-kadence-column{justify-content:start;}.kb-row-layout-id3835_36000d-6f > .kt-row-column-wrap{column-gap:var(--global-kb-gap-none, 0rem );row-gap:var(--global-kb-gap-none, 0rem );max-width:943px;margin-left:auto;margin-right:auto;padding-top:0px;padding-bottom:var(--global-kb-spacing-md, 2rem);}.kb-row-layout-id3835_36000d-6f > .kt-row-column-wrap > div:not(.added-for-specificity){grid-column:initial;}.kb-row-layout-id3835_36000d-6f > .kt-row-column-wrap{grid-template-columns:repeat(4, minmax(0, 1fr));}.kb-row-layout-id3835_36000d-6f > .kt-row-layout-overlay{opacity:0.30;}@media all and (max-width: 1024px){.kb-row-layout-id3835_36000d-6f > .kt-row-column-wrap > div:not(.added-for-specificity){grid-column:initial;}}@media all and (max-width: 1024px){.kb-row-layout-id3835_36000d-6f > .kt-row-column-wrap{grid-template-columns:repeat(4, minmax(0, 1fr));}}@media all and (max-width: 767px){.kb-row-layout-id3835_36000d-6f > .kt-row-column-wrap > div:not(.added-for-specificity){grid-column:initial;}.kb-row-layout-id3835_36000d-6f > .kt-row-column-wrap{grid-template-columns:repeat(2, minmax(0, 1fr));}}<\/style><div class=\"kb-row-layout-wrap kb-row-layout-id3835_36000d-6f alignnone wp-block-kadence-rowlayout\"><div class=\"kt-row-column-wrap kt-has-4-columns kt-row-layout-equal kt-tab-layout-inherit kt-mobile-layout-two-grid kt-row-valign-top\">\n<style>.kadence-column3835_ae77ca-2e > .kt-inside-inner-col,.kadence-column3835_ae77ca-2e > .kt-inside-inner-col:before{border-top-left-radius:0px;border-top-right-radius:0px;border-bottom-right-radius:0px;border-bottom-left-radius:0px;}.kadence-column3835_ae77ca-2e > .kt-inside-inner-col{column-gap:var(--global-kb-gap-sm, 1rem);}.kadence-column3835_ae77ca-2e > .kt-inside-inner-col{flex-direction:column;}.kadence-column3835_ae77ca-2e > .kt-inside-inner-col > .aligncenter{width:100%;}.kadence-column3835_ae77ca-2e > .kt-inside-inner-col:before{opacity:0.3;}.kadence-column3835_ae77ca-2e{position:relative;}@media all and (max-width: 1024px){.kadence-column3835_ae77ca-2e > .kt-inside-inner-col{flex-direction:column;justify-content:center;}}@media all and (max-width: 767px){.kadence-column3835_ae77ca-2e > .kt-inside-inner-col{flex-direction:column;justify-content:center;}}<\/style>\n<div class=\"wp-block-kadence-column kadence-column3835_ae77ca-2e\"><div class=\"kt-inside-inner-col\"><\/div><\/div>\n\n\n<style>.kadence-column3835_32cd4e-01 > .kt-inside-inner-col,.kadence-column3835_32cd4e-01 > .kt-inside-inner-col:before{border-top-left-radius:0px;border-top-right-radius:0px;border-bottom-right-radius:0px;border-bottom-left-radius:0px;}.kadence-column3835_32cd4e-01 > .kt-inside-inner-col{column-gap:var(--global-kb-gap-sm, 1rem);}.kadence-column3835_32cd4e-01 > .kt-inside-inner-col{flex-direction:column;}.kadence-column3835_32cd4e-01 > .kt-inside-inner-col > .aligncenter{width:100%;}.kadence-column3835_32cd4e-01 > .kt-inside-inner-col:before{opacity:0.3;}.kadence-column3835_32cd4e-01{position:relative;}@media all and (max-width: 1024px){.kadence-column3835_32cd4e-01 > .kt-inside-inner-col{flex-direction:column;justify-content:center;}}@media all and (max-width: 767px){.kadence-column3835_32cd4e-01 > .kt-inside-inner-col{flex-direction:column;justify-content:center;}}<\/style>\n<div class=\"wp-block-kadence-column kadence-column3835_32cd4e-01\"><div class=\"kt-inside-inner-col\"><\/div><\/div>\n\n\n<style>.kadence-column3835_2e8d02-3b > .kt-inside-inner-col,.kadence-column3835_2e8d02-3b > .kt-inside-inner-col:before{border-top-left-radius:0px;border-top-right-radius:0px;border-bottom-right-radius:0px;border-bottom-left-radius:0px;}.kadence-column3835_2e8d02-3b > .kt-inside-inner-col{column-gap:var(--global-kb-gap-sm, 1rem);}.kadence-column3835_2e8d02-3b > .kt-inside-inner-col{flex-direction:column;}.kadence-column3835_2e8d02-3b > .kt-inside-inner-col > .aligncenter{width:100%;}.kadence-column3835_2e8d02-3b > .kt-inside-inner-col:before{opacity:0.3;}.kadence-column3835_2e8d02-3b{position:relative;}@media all and (max-width: 1024px){.kadence-column3835_2e8d02-3b > .kt-inside-inner-col{flex-direction:column;justify-content:center;}}@media all and (max-width: 767px){.kadence-column3835_2e8d02-3b > .kt-inside-inner-col{flex-direction:column;justify-content:center;}}<\/style>\n<div class=\"wp-block-kadence-column kadence-column3835_2e8d02-3b\"><div class=\"kt-inside-inner-col\"><\/div><\/div>\n\n\n<style>.kadence-column3835_563d90-58 > .kt-inside-inner-col,.kadence-column3835_563d90-58 > .kt-inside-inner-col:before{border-top-left-radius:0px;border-top-right-radius:0px;border-bottom-right-radius:0px;border-bottom-left-radius:0px;}.kadence-column3835_563d90-58 > .kt-inside-inner-col{column-gap:var(--global-kb-gap-sm, 1rem);}.kadence-column3835_563d90-58 > .kt-inside-inner-col{flex-direction:column;}.kadence-column3835_563d90-58 > .kt-inside-inner-col > .aligncenter{width:100%;}.kadence-column3835_563d90-58 > .kt-inside-inner-col:before{opacity:0.3;}.kadence-column3835_563d90-58{position:relative;}@media all and (max-width: 1024px){.kadence-column3835_563d90-58 > .kt-inside-inner-col{flex-direction:column;justify-content:center;}}@media all and (max-width: 767px){.kadence-column3835_563d90-58 > .kt-inside-inner-col{flex-direction:column;justify-content:center;}}<\/style>\n<div class=\"wp-block-kadence-column kadence-column3835_563d90-58\"><div class=\"kt-inside-inner-col\"><\/div><\/div>\n\n<\/div><\/div>","protected":false},"excerpt":{"rendered":"<p>ALLGEMEINE MIETBEDINGUNGEN 1. GELTUNGSBEREICHDiese Bedingungen regeln ausschlie\u00dflich die Nutzung, Belegung und den Aufenthalt in den Casdanna Roses Apartments und gelten f\u00fcr alle G\u00e4ste, unabh\u00e4ngig davon, \u00fcber welchen Kanal sie ihre Buchung vorgenommen haben. 2. BETTW\u00c4SCHE UND HANDT\u00dcCHERJe nach Buchungsbedingungen k\u00f6nnen Bettw\u00e4sche und Badet\u00fccher im Preis enthalten sein oder einen Aufpreis pro Person verursachen. Wird die&#8230;<\/p>\n","protected":false},"author":1,"featured_media":0,"parent":0,"menu_order":0,"comment_status":"closed","ping_status":"closed","template":"","meta":{"_uag_custom_page_level_css":"","_kad_post_transparent":"","_kad_post_title":"","_kad_post_layout":"","_kad_post_sidebar_id":"","_kad_post_content_style":"","_kad_post_vertical_padding":"","_kad_post_feature":"","_kad_post_feature_position":"","_kad_post_header":false,"_kad_post_footer":false,"_kad_post_classname":"","footnotes":""},"class_list":["post-3835","page","type-page","status-publish","hentry"],"uagb_featured_image_src":{"full":false,"thumbnail":false,"medium":false,"medium_large":false,"large":false,"1536x1536":false,"2048x2048":false},"uagb_author_info":{"display_name":"infocasdanna@gmail.com","author_link":"https:\/\/casdanna.com\/de\/blog\/author\/infocasdannagmail-com\/"},"uagb_comment_info":0,"uagb_excerpt":"ALLGEMEINE MIETBEDINGUNGEN 1. GELTUNGSBEREICHDiese Bedingungen regeln ausschlie\u00dflich die Nutzung, Belegung und den Aufenthalt in den Casdanna Roses Apartments und gelten f\u00fcr alle G\u00e4ste, unabh\u00e4ngig davon, \u00fcber welchen Kanal sie ihre Buchung vorgenommen haben. 2. BETTW\u00c4SCHE UND HANDT\u00dcCHERJe nach Buchungsbedingungen k\u00f6nnen Bettw\u00e4sche und Badet\u00fccher im Preis enthalten sein oder einen Aufpreis pro Person verursachen. Wird die...","_links":{"self":[{"href":"https:\/\/casdanna.com\/de\/wp-json\/wp\/v2\/pages\/3835","targetHints":{"allow":["GET"]}}],"collection":[{"href":"https:\/\/casdanna.com\/de\/wp-json\/wp\/v2\/pages"}],"about":[{"href":"https:\/\/casdanna.com\/de\/wp-json\/wp\/v2\/types\/page"}],"author":[{"embeddable":true,"href":"https:\/\/casdanna.com\/de\/wp-json\/wp\/v2\/users\/1"}],"replies":[{"embeddable":true,"href":"https:\/\/casdanna.com\/de\/wp-json\/wp\/v2\/comments?post=3835"}],"version-history":[{"count":6,"href":"https:\/\/casdanna.com\/de\/wp-json\/wp\/v2\/pages\/3835\/revisions"}],"predecessor-version":[{"id":4268,"href":"https:\/\/casdanna.com\/de\/wp-json\/wp\/v2\/pages\/3835\/revisions\/4268"}],"wp:attachment":[{"href":"https:\/\/casdanna.com\/de\/wp-json\/wp\/v2\/media?parent=3835"}],"curies":[{"name":"wp","href":"https:\/\/api.w.org\/{rel}","templated":true}]}}